{"id":7264,"date":"2024-11-15T10:54:00","date_gmt":"2024-11-15T10:54:00","guid":{"rendered":"https:\/\/www.officelist.com\/actualites\/"},"modified":"2025-12-16T15:01:35","modified_gmt":"2025-12-16T15:01:35","slug":"actualites","status":"publish","type":"page","link":"https:\/\/www.officelist.com\/fr\/actualites\/","title":{"rendered":"Actualit\u00e9s"},"content":{"rendered":"\n\t\t<div id=\"fws_69f432622d637\"  data-column-margin=\"default\" data-midnight=\"dark\"  class=\"wpb_row vc_row-fluid vc_row vc_row-o-equal-height vc_row-flex vc_row-o-content-middle  top_padding_tablet_0px top_padding_phone_0px bottom_padding_tablet_20px bottom_padding_phone_10px\"  style=\"padding-top: 15px; padding-bottom: 30px; \"><div class=\"row-bg-wrap\" data-bg-animation=\"none\" data-bg-animation-delay=\"\" data-bg-overlay=\"false\"><div class=\"inner-wrap row-bg-layer\" ><div class=\"row-bg viewport-desktop\"  style=\"\"><\/div><\/div><\/div><div class=\"row_col_wrap_12 col span_12 dark left\">\n\t<div  class=\"vc_col-sm-5 wpb_column column_container vc_column_container col has-animation no-extra-padding inherit_tablet inherit_phone \"  data-padding-pos=\"all\" data-has-bg-color=\"false\" data-bg-color=\"\" data-bg-opacity=\"1\" data-animation=\"fade-in-from-bottom\" data-delay=\"0\" >\n\t\t<div class=\"vc_column-inner\" >\n\t\t\t<div class=\"wpb_wrapper\">\n\t\t\t\t\n<div class=\"wpb_text_column wpb_content_element \" >\n\t<div class=\"wpb_wrapper\">\n\t\t<h1>Actualit\u00e9s<\/h1>\n\t<\/div>\n<\/div>\n\n\n\n\n\t\t\t<\/div> \n\t\t<\/div>\n\t<\/div> \n\n\t<div  class=\"vc_col-sm-1 wpb_column column_container vc_column_container col no-extra-padding inherit_tablet inherit_phone \"  data-padding-pos=\"all\" data-has-bg-color=\"false\" data-bg-color=\"\" data-bg-opacity=\"1\" data-animation=\"\" data-delay=\"0\" >\n\t\t<div class=\"vc_column-inner\" >\n\t\t\t<div class=\"wpb_wrapper\">\n\t\t\t\t\n\t\t\t<\/div> \n\t\t<\/div>\n\t<\/div> \n\n\t<div  class=\"vc_col-sm-6 wpb_column column_container vc_column_container col has-animation no-extra-padding inherit_tablet inherit_phone \"  data-padding-pos=\"all\" data-has-bg-color=\"false\" data-bg-color=\"\" data-bg-opacity=\"1\" data-animation=\"fade-in-from-bottom\" data-delay=\"100\" >\n\t\t<div class=\"vc_column-inner\" >\n\t\t\t<div class=\"wpb_wrapper\">\n\t\t\t\t\n<div class=\"wpb_text_column wpb_content_element \" >\n\t<div class=\"wpb_wrapper\">\n\t\t<p>La page d&rsquo;actualit\u00e9s d&rsquo;Officelist fournit des mises \u00e0 jour sur les tendances en mati\u00e8re d&rsquo;espace de travail, des conseils pour trouver des solutions de bureau et des informations sur le coworking et les mod\u00e8les hybrides.<\/p>\n\t<\/div>\n<\/div>\n\n\n\n\n\t\t\t<\/div> \n\t\t<\/div>\n\t<\/div> \n<\/div><\/div>\n\t\t<div id=\"fws_69f432622e11b\"  data-column-margin=\"default\" data-midnight=\"dark\"  class=\"wpb_row vc_row-fluid vc_row\"  style=\"padding-top: 0px; padding-bottom: 0px; \"><div class=\"row-bg-wrap\" data-bg-animation=\"none\" data-bg-animation-delay=\"\" data-bg-overlay=\"false\"><div class=\"inner-wrap row-bg-layer\" ><div class=\"row-bg viewport-desktop\"  style=\"\"><\/div><\/div><\/div><div class=\"row_col_wrap_12 col span_12 dark left\">\n\t<div  class=\"vc_col-sm-12 wpb_column column_container vc_column_container col has-animation no-extra-padding inherit_tablet inherit_phone \"  data-padding-pos=\"all\" data-has-bg-color=\"false\" data-bg-color=\"\" data-bg-opacity=\"1\" data-animation=\"slight-fade-in-from-bottom\" data-delay=\"200\" >\n\t\t<div class=\"vc_column-inner\" >\n\t\t\t<div class=\"wpb_wrapper\">\n\t\t\t\t<div class=\"divider-wrap\" data-alignment=\"default\"><div style=\"margin-top: 7.5px; height: 1px; margin-bottom: 7.5px;\" data-width=\"100%\" data-animate=\"\" data-animation-delay=\"\" data-color=\"default\" class=\"divider-border\"><\/div><\/div>\n\t\t\t<\/div> \n\t\t<\/div>\n\t<\/div> \n<\/div><\/div>\n\t\t<div id=\"fws_69f43262300c2\"  data-column-margin=\"default\" data-midnight=\"dark\"  class=\"wpb_row vc_row-fluid vc_row  top_padding_tablet_30px top_padding_phone_10px\"  style=\"padding-top: 50px; padding-bottom: 0px; \"><div class=\"row-bg-wrap\" data-bg-animation=\"none\" data-bg-animation-delay=\"\" data-bg-overlay=\"false\"><div class=\"inner-wrap row-bg-layer\" ><div class=\"row-bg viewport-desktop\"  style=\"\"><\/div><\/div><\/div><div class=\"row_col_wrap_12 col span_12 dark left\">\n\t<div  class=\"vc_col-sm-12 wpb_column column_container vc_column_container col no-extra-padding inherit_tablet inherit_phone \"  data-padding-pos=\"all\" data-has-bg-color=\"false\" data-bg-color=\"\" data-bg-opacity=\"1\" data-animation=\"\" data-delay=\"0\" >\n\t\t<div class=\"vc_column-inner\" >\n\t\t\t<div class=\"wpb_wrapper\">\n\t\t\t\t\n<div class=\"row\">\n\n <div class=\"post-area col  span_12 col_last masonry material  \" data-ams=\"\" data-remove-post-date=\"1\" data-remove-post-author=\"1\" data-remove-post-comment-number=\"1\" data-remove-post-nectar-love=\"1\"> <div class=\"posts-container\" data-load-animation=\"fade_in_from_bottom\">     \n     \n<article id=\"post-4746\" class=\" masonry-blog-item post-4746 post type-post status-publish format-standard has-post-thumbnail category-temoignages\">  \n    \n  <div class=\"inner-wrap animated\">\n    \n    <div class=\"post-content\">\n\n      <div class=\"content-inner\">\n        \n        <a class=\"entire-meta-link\" href=\"https:\/\/www.officelist.com\/fr\/flexado-et-scalehub-offices-les-allies-ideaux-des-entreprises-en-croissance\/\"><span class=\"screen-reader-text\">\u00ab\u00a0Flexado et ScaleHub Offices : les alli\u00e9s id\u00e9aux des entreprises en croissance\u00a0\u00bb.<\/span><\/a>\n        \n        <span class=\"post-featured-img\"><img loading=\"lazy\" decoding=\"async\" width=\"850\" height=\"1000\" src=\"https:\/\/www.officelist.com\/wp-content\/uploads\/sites\/10\/2024\/08\/Flexado-PT-Co-Office-img-1-e1725262984241.jpg\" class=\"attachment-large size-large skip-lazy wp-post-image\" alt=\"\" title=\"\" sizes=\"auto, (min-width: 1600px) 20vw, (min-width: 1300px) 25vw, (min-width: 1000px) 33.3vw, (min-width: 690px) 50vw, 100vw\" \/><\/span><span class=\"meta-category\"><a class=\"temoignages\" href=\"https:\/\/www.officelist.com\/fr\/category\/temoignages\/\">T\u00e9moignages<\/a><\/span>        \n        <div class=\"article-content-wrap\">\n          \n          <div class=\"post-header\">\n            <h3 class=\"title\"><a href=\"https:\/\/www.officelist.com\/fr\/flexado-et-scalehub-offices-les-allies-ideaux-des-entreprises-en-croissance\/\"> \u00ab\u00a0Flexado et ScaleHub Offices : les alli\u00e9s id\u00e9aux des entreprises en croissance\u00a0\u00bb.<\/a><\/h3>\n          <\/div>\n          \n          <div class=\"excerpt\">ScaleHub Offices propose un concept innovant d'h\u00e9bergement d'affaires, con\u00e7u sur mesure pour les entreprises \u00e0\u2026<\/div><div class=\"grav-wrap\"><a href=\"https:\/\/www.officelist.com\/fr\/author\/lisa\/\"><\/a><div class=\"text\"><a href=\"https:\/\/www.officelist.com\/fr\/author\/lisa\/\" rel=\"author\">rozenn<\/a><span>2 septembre 2024<\/span><\/div><\/div>\n        <\/div><!--article-content-wrap-->\n        \n      <\/div><!--\/content-inner-->\n        \n    <\/div><!--\/post-content-->\n      \n  <\/div><!--\/inner-wrap-->\n    \n<\/article>     \n     \n<article id=\"post-4555\" class=\" masonry-blog-item post-4555 post type-post status-publish format-standard has-post-thumbnail category-temoignages\">  \n    \n  <div class=\"inner-wrap animated\">\n    \n    <div class=\"post-content\">\n\n      <div class=\"content-inner\">\n        \n        <a class=\"entire-meta-link\" href=\"https:\/\/www.officelist.com\/fr\/flexado-et-co-office-joignent-leurs-forces-pour-des-solutions-de-bureau-innovantes\/\"><span class=\"screen-reader-text\">Flexado et Co-Office joignent leurs forces pour des solutions de bureau innovantes<\/span><\/a>\n        \n        <span class=\"post-featured-img\"><img loading=\"lazy\" decoding=\"async\" width=\"1024\" height=\"652\" src=\"https:\/\/www.officelist.com\/wp-content\/uploads\/sites\/10\/2024\/07\/Flexado-PT-Co-Office-header-2-1024x652.jpg\" class=\"attachment-large size-large skip-lazy wp-post-image\" alt=\"\" title=\"\" sizes=\"auto, (min-width: 1600px) 20vw, (min-width: 1300px) 25vw, (min-width: 1000px) 33.3vw, (min-width: 690px) 50vw, 100vw\" srcset=\"https:\/\/www.officelist.com\/wp-content\/uploads\/sites\/10\/2024\/07\/Flexado-PT-Co-Office-header-2-1024x652.jpg 1024w, https:\/\/www.officelist.com\/wp-content\/uploads\/sites\/10\/2024\/07\/Flexado-PT-Co-Office-header-2-300x191.jpg 300w, https:\/\/www.officelist.com\/wp-content\/uploads\/sites\/10\/2024\/07\/Flexado-PT-Co-Office-header-2-768x489.jpg 768w, https:\/\/www.officelist.com\/wp-content\/uploads\/sites\/10\/2024\/07\/Flexado-PT-Co-Office-header-2.jpg 1500w\" \/><\/span><span class=\"meta-category\"><a class=\"temoignages\" href=\"https:\/\/www.officelist.com\/fr\/category\/temoignages\/\">T\u00e9moignages<\/a><\/span>        \n        <div class=\"article-content-wrap\">\n          \n          <div class=\"post-header\">\n            <h3 class=\"title\"><a href=\"https:\/\/www.officelist.com\/fr\/flexado-et-co-office-joignent-leurs-forces-pour-des-solutions-de-bureau-innovantes\/\"> Flexado et Co-Office joignent leurs forces pour des solutions de bureau innovantes<\/a><\/h3>\n          <\/div>\n          \n          <div class=\"excerpt\">Co-Office et Flexado ont uni leurs forces dans le cadre d'une d\u00e9marche strat\u00e9gique visant \u00e0\u2026<\/div><div class=\"grav-wrap\"><a href=\"https:\/\/www.officelist.com\/fr\/author\/ardaan\/\"><\/a><div class=\"text\"><a href=\"https:\/\/www.officelist.com\/fr\/author\/ardaan\/\" rel=\"author\">ardaan<\/a><span>11 juillet 2024<\/span><\/div><\/div>\n        <\/div><!--article-content-wrap-->\n        \n      <\/div><!--\/content-inner-->\n        \n    <\/div><!--\/post-content-->\n      \n  <\/div><!--\/inner-wrap-->\n    \n<\/article>    \n    <\/div><!--\/posts container-->\n    \n      \n<\/div><!--\/post area-->\n\n  \n\n<\/div>\n\n\n\t\t\t<\/div> \n\t\t<\/div>\n\t<\/div> \n<\/div><\/div>\n"},"excerpt":{"rendered":"<p>[vc_row type=\u00a0\u00bbin_container\u00a0\u00bb full_screen_row_position=\u00a0\u00bbmiddle\u00a0\u00bb column_margin=\u00a0\u00bbdefault\u00a0\u00bb equal_height=\u00a0\u00bbyes\u00a0\u00bb content_placement=\u00a0\u00bbmiddle\u00a0\u00bb column_direction=\u00a0\u00bbdefault\u00a0\u00bb column_direction_tablet=\u00a0\u00bbdefault\u00a0\u00bb column_direction_phone=\u00a0\u00bbdefault\u00a0\u00bb scene_position=\u00a0\u00bbcenter\u00a0\u00bb top_padding=\u00a0\u00bb15&Prime; bottom_padding=\u00a0\u00bb30&Prime; top_padding_tablet=\u00a0\u00bb0&Prime; bottom_padding_tablet=\u00a0\u00bb20&Prime; top_padding_phone=\u00a0\u00bb0&Prime; bottom_padding_phone=\u00a0\u00bb10&Prime; text_color=\u00a0\u00bbdark\u00a0\u00bb text_align=\u00a0\u00bbleft\u00a0\u00bb row_border_radius=\u00a0\u00bbnone\u00a0\u00bb row_border_radius_applies=\u00a0\u00bbbg\u00a0\u00bb overflow=\u00a0\u00bbvisible\u00a0\u00bb overlay_strength=\u00a0\u00bb0.3&Prime; gradient_direction=\u00a0\u00bbleft_to_right\u00a0\u00bb shape_divider_position=\u00a0\u00bbbottom\u00a0\u00bb bg_image_animation=\u00a0\u00bbnone\u00a0\u00bb gradient_type=\u00a0\u00bbdefault\u00a0\u00bb shape_type=\u00a0\u00bb\u00a0\u00bb][vc_column column_padding=\u00a0\u00bbno-extra-padding\u00a0\u00bb column_padding_tablet=\u00a0\u00bbinherit\u00a0\u00bb column_padding_phone=\u00a0\u00bbinherit\u00a0\u00bb&#8230;<\/p>\n","protected":false},"author":3,"featured_media":0,"parent":0,"menu_order":0,"comment_status":"closed","ping_status":"closed","template":"","meta":{"inline_featured_image":false,"footnotes":""},"class_list":["post-7264","page","type-page","status-publish"],"yoast_head":"<!-- This site is optimized with the Yoast SEO Premium plugin v24.2 (Yoast SEO v24.2) - https:\/\/yoast.com\/wordpress\/plugins\/seo\/ -->\n<title>Actualit\u00e9s des espaces de bureaux et mises \u00e0 jour de l&#039;industrie | OfficeList<\/title>\n<meta name=\"description\" content=\"Restez inform\u00e9 des derni\u00e8res nouvelles sur les espaces de bureaux, des tendances en mati\u00e8re d&#039;espaces de travail flexibles et des avis d&#039;experts d&#039;OfficeList.\" \/>\n<meta name=\"robots\" content=\"index, follow, max-snippet:-1, max-image-preview:large, max-video-preview:-1\" \/>\n<link rel=\"canonical\" href=\"https:\/\/www.officelist.com\/fr\/actualites\/\" \/>\n<meta property=\"og:locale\" content=\"fr_FR\" \/>\n<meta property=\"og:type\" content=\"article\" \/>\n<meta property=\"og:title\" content=\"Actualit\u00e9s\" \/>\n<meta property=\"og:description\" content=\"Restez inform\u00e9 des derni\u00e8res nouvelles sur les espaces de bureaux, des tendances en mati\u00e8re d&#039;espaces de travail flexibles et des avis d&#039;experts d&#039;OfficeList.\" \/>\n<meta property=\"og:url\" content=\"https:\/\/www.officelist.com\/fr\/actualites\/\" \/>\n<meta property=\"og:site_name\" content=\"Officelist\" \/>\n<meta property=\"article:publisher\" content=\"https:\/\/www.facebook.com\/OfficeList\" \/>\n<meta property=\"article:modified_time\" content=\"2025-12-16T15:01:35+00:00\" \/>\n<meta name=\"twitter:card\" content=\"summary_large_image\" \/>\n<meta name=\"twitter:label1\" content=\"Dur\u00e9e de lecture estim\u00e9e\" \/>\n\t<meta name=\"twitter:data1\" content=\"6 minutes\" \/>\n<script type=\"application\/ld+json\" class=\"yoast-schema-graph\">{\"@context\":\"https:\/\/schema.org\",\"@graph\":[{\"@type\":\"WebPage\",\"@id\":\"https:\/\/www.officelist.com\/fr\/actualites\/\",\"url\":\"https:\/\/www.officelist.com\/fr\/actualites\/\",\"name\":\"Actualit\u00e9s des espaces de bureaux et mises \u00e0 jour de l'industrie | OfficeList\",\"isPartOf\":{\"@id\":\"https:\/\/www.officelist.com\/#website\"},\"datePublished\":\"2024-11-15T10:54:00+00:00\",\"dateModified\":\"2025-12-16T15:01:35+00:00\",\"description\":\"Restez inform\u00e9 des derni\u00e8res nouvelles sur les espaces de bureaux, des tendances en mati\u00e8re d'espaces de travail flexibles et des avis d'experts d'OfficeList.\",\"breadcrumb\":{\"@id\":\"https:\/\/www.officelist.com\/fr\/actualites\/#breadcrumb\"},\"inLanguage\":\"fr-FR\",\"potentialAction\":[{\"@type\":\"ReadAction\",\"target\":[\"https:\/\/www.officelist.com\/fr\/actualites\/\"]}]},{\"@type\":\"BreadcrumbList\",\"@id\":\"https:\/\/www.officelist.com\/fr\/actualites\/#breadcrumb\",\"itemListElement\":[{\"@type\":\"ListItem\",\"position\":1,\"name\":\"Home\",\"item\":\"https:\/\/www.officelist.com\/fr\/accueil\/\"},{\"@type\":\"ListItem\",\"position\":2,\"name\":\"Actualit\u00e9s\"}]},{\"@type\":\"WebSite\",\"@id\":\"https:\/\/www.officelist.com\/#website\",\"url\":\"https:\/\/www.officelist.com\/\",\"name\":\"Officelist\",\"description\":\"Office Space For Rent\",\"publisher\":{\"@id\":\"https:\/\/www.officelist.com\/#organization\"},\"potentialAction\":[{\"@type\":\"SearchAction\",\"target\":{\"@type\":\"EntryPoint\",\"urlTemplate\":\"https:\/\/www.officelist.com\/?s={search_term_string}\"},\"query-input\":{\"@type\":\"PropertyValueSpecification\",\"valueRequired\":true,\"valueName\":\"search_term_string\"}}],\"inLanguage\":\"fr-FR\"},{\"@type\":\"Organization\",\"@id\":\"https:\/\/www.officelist.com\/#organization\",\"name\":\"Officelist\",\"url\":\"https:\/\/www.officelist.com\/\",\"logo\":{\"@type\":\"ImageObject\",\"inLanguage\":\"fr-FR\",\"@id\":\"https:\/\/www.officelist.com\/#\/schema\/logo\/image\/\",\"url\":\"https:\/\/officelist.flexado.com\/wp-content\/uploads\/sites\/10\/2024\/10\/Officelist-logo.svg\",\"contentUrl\":\"https:\/\/officelist.flexado.com\/wp-content\/uploads\/sites\/10\/2024\/10\/Officelist-logo.svg\",\"width\":\"1024\",\"height\":\"1024\",\"caption\":\"Officelist\"},\"image\":{\"@id\":\"https:\/\/www.officelist.com\/#\/schema\/logo\/image\/\"},\"sameAs\":[\"https:\/\/www.facebook.com\/OfficeList\",\"https:\/\/www.linkedin.com\/company\/officelist-llc\/\"]}]}<\/script>\n<!-- \/ Yoast SEO Premium plugin. -->","yoast_head_json":{"title":"Actualit\u00e9s des espaces de bureaux et mises \u00e0 jour de l'industrie | OfficeList","description":"Restez inform\u00e9 des derni\u00e8res nouvelles sur les espaces de bureaux, des tendances en mati\u00e8re d'espaces de travail flexibles et des avis d'experts d'OfficeList.","robots":{"index":"index","follow":"follow","max-snippet":"max-snippet:-1","max-image-preview":"max-image-preview:large","max-video-preview":"max-video-preview:-1"},"canonical":"https:\/\/www.officelist.com\/fr\/actualites\/","og_locale":"fr_FR","og_type":"article","og_title":"Actualit\u00e9s","og_description":"Restez inform\u00e9 des derni\u00e8res nouvelles sur les espaces de bureaux, des tendances en mati\u00e8re d'espaces de travail flexibles et des avis d'experts d'OfficeList.","og_url":"https:\/\/www.officelist.com\/fr\/actualites\/","og_site_name":"Officelist","article_publisher":"https:\/\/www.facebook.com\/OfficeList","article_modified_time":"2025-12-16T15:01:35+00:00","twitter_card":"summary_large_image","twitter_misc":{"Dur\u00e9e de lecture estim\u00e9e":"6 minutes"},"schema":{"@context":"https:\/\/schema.org","@graph":[{"@type":"WebPage","@id":"https:\/\/www.officelist.com\/fr\/actualites\/","url":"https:\/\/www.officelist.com\/fr\/actualites\/","name":"Actualit\u00e9s des espaces de bureaux et mises \u00e0 jour de l'industrie | OfficeList","isPartOf":{"@id":"https:\/\/www.officelist.com\/#website"},"datePublished":"2024-11-15T10:54:00+00:00","dateModified":"2025-12-16T15:01:35+00:00","description":"Restez inform\u00e9 des derni\u00e8res nouvelles sur les espaces de bureaux, des tendances en mati\u00e8re d'espaces de travail flexibles et des avis d'experts d'OfficeList.","breadcrumb":{"@id":"https:\/\/www.officelist.com\/fr\/actualites\/#breadcrumb"},"inLanguage":"fr-FR","potentialAction":[{"@type":"ReadAction","target":["https:\/\/www.officelist.com\/fr\/actualites\/"]}]},{"@type":"BreadcrumbList","@id":"https:\/\/www.officelist.com\/fr\/actualites\/#breadcrumb","itemListElement":[{"@type":"ListItem","position":1,"name":"Home","item":"https:\/\/www.officelist.com\/fr\/accueil\/"},{"@type":"ListItem","position":2,"name":"Actualit\u00e9s"}]},{"@type":"WebSite","@id":"https:\/\/www.officelist.com\/#website","url":"https:\/\/www.officelist.com\/","name":"Officelist","description":"Office Space For Rent","publisher":{"@id":"https:\/\/www.officelist.com\/#organization"},"potentialAction":[{"@type":"SearchAction","target":{"@type":"EntryPoint","urlTemplate":"https:\/\/www.officelist.com\/?s={search_term_string}"},"query-input":{"@type":"PropertyValueSpecification","valueRequired":true,"valueName":"search_term_string"}}],"inLanguage":"fr-FR"},{"@type":"Organization","@id":"https:\/\/www.officelist.com\/#organization","name":"Officelist","url":"https:\/\/www.officelist.com\/","logo":{"@type":"ImageObject","inLanguage":"fr-FR","@id":"https:\/\/www.officelist.com\/#\/schema\/logo\/image\/","url":"https:\/\/officelist.flexado.com\/wp-content\/uploads\/sites\/10\/2024\/10\/Officelist-logo.svg","contentUrl":"https:\/\/officelist.flexado.com\/wp-content\/uploads\/sites\/10\/2024\/10\/Officelist-logo.svg","width":"1024","height":"1024","caption":"Officelist"},"image":{"@id":"https:\/\/www.officelist.com\/#\/schema\/logo\/image\/"},"sameAs":["https:\/\/www.facebook.com\/OfficeList","https:\/\/www.linkedin.com\/company\/officelist-llc\/"]}]}},"_links":{"self":[{"href":"https:\/\/www.officelist.com\/fr\/wp-json\/wp\/v2\/pages\/7264","targetHints":{"allow":["GET"]}}],"collection":[{"href":"https:\/\/www.officelist.com\/fr\/wp-json\/wp\/v2\/pages"}],"about":[{"href":"https:\/\/www.officelist.com\/fr\/wp-json\/wp\/v2\/types\/page"}],"author":[{"embeddable":true,"href":"https:\/\/www.officelist.com\/fr\/wp-json\/wp\/v2\/users\/3"}],"replies":[{"embeddable":true,"href":"https:\/\/www.officelist.com\/fr\/wp-json\/wp\/v2\/comments?post=7264"}],"version-history":[{"count":6,"href":"https:\/\/www.officelist.com\/fr\/wp-json\/wp\/v2\/pages\/7264\/revisions"}],"predecessor-version":[{"id":8665,"href":"https:\/\/www.officelist.com\/fr\/wp-json\/wp\/v2\/pages\/7264\/revisions\/8665"}],"wp:attachment":[{"href":"https:\/\/www.officelist.com\/fr\/wp-json\/wp\/v2\/media?parent=7264"}],"curies":[{"name":"wp","href":"https:\/\/api.w.org\/{rel}","templated":true}]}}